{"id":74,"date":"2017-07-12T05:54:02","date_gmt":"2017-07-12T05:54:02","guid":{"rendered":"https:\/\/fractal-tree.com\/projects\/"},"modified":"2021-03-12T10:36:09","modified_gmt":"2021-03-12T10:36:09","slug":"projects","status":"publish","type":"page","link":"https:\/\/fractal-tree.com\/ro\/projects\/","title":{"rendered":"Proiecte"},"content":{"rendered":"<div data-elementor-type=\"wp-post\" data-elementor-id=\"74\" class=\"elementor elementor-74\" data-elementor-settings=\"[]\">\n\t\t\t\t\t\t<div class=\"elementor-inner\">\n\t\t\t\t\t\t\t<div class=\"elementor-section-wrap\">\n\t\t\t\t\t\t\t<section class=\"elementor-section elementor-top-section elementor-element elementor-element-463eb549 elementor-section-boxed elementor-section-height-default elementor-section-height-default\" data-id=\"463eb549\" data-element_type=\"section\" data-settings=\"{&quot;background_background&quot;:&quot;classic&quot;}\">\n\t\t\t\t\t\t\t<div class=\"elementor-background-overlay\"><\/div>\n\t\t\t\t\t\t\t<div class=\"elementor-container elementor-column-gap-no\">\n\t\t\t\t\t\t\t<div class=\"elementor-row\">\n\t\t\t\t\t<div class=\"elementor-column elementor-col-100 elementor-top-column elementor-element elementor-element-42c45cce\" data-id=\"42c45cce\" data-element_type=\"column\" data-settings=\"{&quot;background_background&quot;:&quot;classic&quot;}\">\n\t\t\t<div class=\"elementor-column-wrap elementor-element-populated\">\n\t\t\t\t\t\t\t<div class=\"elementor-widget-wrap\">\n\t\t\t\t\t\t<div class=\"elementor-element elementor-element-3f97f4e elementor-widget elementor-widget-heading\" data-id=\"3f97f4e\" data-element_type=\"widget\" data-widget_type=\"heading.default\">\n\t\t\t\t<div class=\"elementor-widget-container\">\n\t\t\t<h1 class=\"elementor-heading-title elementor-size-default\">Proiecte<\/h1>\t\t<\/div>\n\t\t\t\t<\/div>\n\t\t\t\t\t\t<\/div>\n\t\t\t\t\t<\/div>\n\t\t<\/div>\n\t\t\t\t\t\t\t\t<\/div>\n\t\t\t\t\t<\/div>\n\t\t<\/section>\n\t\t\t\t<section class=\"elementor-section elementor-top-section elementor-element elementor-element-0cb0f35 elementor-section-boxed elementor-section-height-default elementor-section-height-default\" data-id=\"0cb0f35\" data-element_type=\"section\">\n\t\t\t\t\t\t<div class=\"elementor-container elementor-column-gap-default\">\n\t\t\t\t\t\t\t<div class=\"elementor-row\">\n\t\t\t\t\t<div class=\"elementor-column elementor-col-100 elementor-top-column elementor-element elementor-element-2c525d2\" data-id=\"2c525d2\" data-element_type=\"column\">\n\t\t\t<div class=\"elementor-column-wrap elementor-element-populated\">\n\t\t\t\t\t\t\t<div class=\"elementor-widget-wrap\">\n\t\t\t\t\t\t<div class=\"elementor-element elementor-element-8fb0815 elementor-widget elementor-widget-heading\" data-id=\"8fb0815\" data-element_type=\"widget\" data-widget_type=\"heading.default\">\n\t\t\t\t<div class=\"elementor-widget-container\">\n\t\t\t<h3 class=\"elementor-heading-title elementor-size-default\">Bikey - Parcarea de biciclete Inteligenta si Securizata<\/h3>\t\t<\/div>\n\t\t\t\t<\/div>\n\t\t\t\t\t\t<\/div>\n\t\t\t\t\t<\/div>\n\t\t<\/div>\n\t\t\t\t\t\t\t\t<\/div>\n\t\t\t\t\t<\/div>\n\t\t<\/section>\n\t\t\t\t<section class=\"elementor-section elementor-top-section elementor-element elementor-element-6e82de1 elementor-section-boxed elementor-section-height-default elementor-section-height-default\" data-id=\"6e82de1\" data-element_type=\"section\">\n\t\t\t\t\t\t<div class=\"elementor-container elementor-column-gap-default\">\n\t\t\t\t\t\t\t<div class=\"elementor-row\">\n\t\t\t\t\t<div class=\"elementor-column elementor-col-50 elementor-top-column elementor-element elementor-element-c6b6cea\" data-id=\"c6b6cea\" data-element_type=\"column\">\n\t\t\t<div class=\"elementor-column-wrap elementor-element-populated\">\n\t\t\t\t\t\t\t<div class=\"elementor-widget-wrap\">\n\t\t\t\t\t\t<div class=\"elementor-element elementor-element-6ffcb0c elementor-widget elementor-widget-text-editor\" data-id=\"6ffcb0c\" data-element_type=\"widget\" data-widget_type=\"text-editor.default\">\n\t\t\t\t<div class=\"elementor-widget-container\">\n\t\t\t\t\t<div class=\"elementor-text-editor elementor-clearfix\"><p style=\"font-size: 16px; font-style: normal; font-weight: 400;\">\u00cen ultimii ani, transportul urban cu bicicleta a devenit din ce \u00een ce mai popular si totodat\u0103 mai fezabil, \u00een parte datorit\u0103 dezvolt\u0103rii re\u021belelor de mobilitate urban\u0103 (piste dedicate pentru biciclete). Acest trend a luat amploare in marile ora\u0219e \u0219i exist\u0103 toate \u0219ansele s\u0103  accelereze \u00een urm\u0103torii ani. De\u0219i esen\u021biale, pistelele de biciclete nu sunt singurul aspect necesar dezvolt\u0103rii mobilit\u0103\u021bii urbane. Un alt factor \u00eel reprezint\u0103 parcarile securizate pentru bibiblete, cunoscute \u0219i ca \u201cad\u0103posturi\u201d sau \u201ccontainere securizate\u201d de biciclete. Lipsa acestora descurajeaz\u0103 utilizarea bicicletei in via\u021ba de zi cu zi, bicicli\u0219tii fiind obliga\u021bi s\u0103 isi \u021bin\u0103 bicicletele \u00een interiorul locuin\u021belor, fapt care este adesea incomod at\u00e2t din punct de vedere al accesibilit\u0103\u021bii (apartamente aflate la etaj, lift neincapator sau inexistent, etc.) c\u00e2t \u0219i al confortului din locuin\u021b\u0103.<\/p><p style=\"font-size: 16px; font-style: normal; font-weight: 400;\" class=\" translation-block\">Viziunea noastr\u0103 este de a crea\u00a0ad\u0103posturi de biciclete <span style=\"font-size: 16px; font-weight: bold;\">accesibile<\/span>,\u00a0<span style=\"font-size: 16px; font-weight: bold;\">compacte<\/span>\u00a0\u0219i\u00a0<span style=\"font-size: 16px; font-weight: bold;\">u\u0219or de administrat <\/span> care s\u0103 poat\u0103 fi amplasate \u00een apropierea fiecarui bloc, institu\u021bie, companie sau loc de agrement, \u00eencuraj\u00e2nd astfel transportul cu ajutorul acestui mijloc de transport nepoluant.<\/p><p style=\"font-size: 16px; font-style: normal; font-weight: 400;\">Solu\u021bia propus\u0103 de noi const\u0103 in dou\u0103 componente:<\/p><ol style=\"font-size: 16px; font-style: normal; font-weight: 400;\"><li style=\"font-size: 16px;\" class=\" translation-block\"><span style=\"font-size: 16px; font-weight: bold;\">Containere securizate<\/span>\u00a0dotate cu rasteluri de biciclete<\/li><li style=\"font-size: 16px;\" class=\" translation-block\"><span style=\"font-size: 16px; font-weight: bold;\">O aplica\u021bie mobil\u0103\/web<\/span>\u00a0folosit\u0103 pentru accesarea \u0219i managementul parc\u0103rii<\/li><\/ol><\/div>\n\t\t\t\t<\/div>\n\t\t\t\t<\/div>\n\t\t\t\t\t\t<\/div>\n\t\t\t\t\t<\/div>\n\t\t<\/div>\n\t\t\t\t<div class=\"elementor-column elementor-col-50 elementor-top-column elementor-element elementor-element-3f7f072\" data-id=\"3f7f072\" data-element_type=\"column\">\n\t\t\t<div class=\"elementor-column-wrap elementor-element-populated\">\n\t\t\t\t\t\t\t<div class=\"elementor-widget-wrap\">\n\t\t\t\t\t\t<div class=\"elementor-element elementor-element-b159241 elementor-widget elementor-widget-image\" data-id=\"b159241\" data-element_type=\"widget\" data-widget_type=\"image.default\">\n\t\t\t\t<div class=\"elementor-widget-container\">\n\t\t\t\t\t<div class=\"elementor-image\">\n\t\t\t\t\t\t\t\t\t\t<img width=\"706\" height=\"585\" src=\"https:\/\/fractal-tree.com\/wp-content\/uploads\/2021\/01\/Sliding_gate_closed.jpg\" class=\"attachment-large size-large\" alt=\"\" loading=\"lazy\" srcset=\"https:\/\/fractal-tree.com\/wp-content\/uploads\/2021\/01\/Sliding_gate_closed.jpg 706w, https:\/\/fractal-tree.com\/wp-content\/uploads\/2021\/01\/Sliding_gate_closed-300x249.jpg 300w, https:\/\/fractal-tree.com\/wp-content\/uploads\/2021\/01\/Sliding_gate_closed-14x12.jpg 14w\" sizes=\"(max-width: 706px) 100vw, 706px\" \/>\t\t\t\t\t\t\t\t\t\t\t<\/div>\n\t\t\t\t<\/div>\n\t\t\t\t<\/div>\n\t\t\t\t\t\t<\/div>\n\t\t\t\t\t<\/div>\n\t\t<\/div>\n\t\t\t\t\t\t\t\t<\/div>\n\t\t\t\t\t<\/div>\n\t\t<\/section>\n\t\t\t\t<section class=\"elementor-section elementor-top-section elementor-element elementor-element-b927748 elementor-section-boxed elementor-section-height-default elementor-section-height-default\" data-id=\"b927748\" data-element_type=\"section\">\n\t\t\t\t\t\t<div class=\"elementor-container elementor-column-gap-default\">\n\t\t\t\t\t\t\t<div class=\"elementor-row\">\n\t\t\t\t\t<div class=\"elementor-column elementor-col-50 elementor-top-column elementor-element elementor-element-f33c612\" data-id=\"f33c612\" data-element_type=\"column\">\n\t\t\t<div class=\"elementor-column-wrap elementor-element-populated\">\n\t\t\t\t\t\t\t<div class=\"elementor-widget-wrap\">\n\t\t\t\t\t\t<div class=\"elementor-element elementor-element-0e5e5d9 elementor-widget elementor-widget-image\" data-id=\"0e5e5d9\" data-element_type=\"widget\" data-widget_type=\"image.default\">\n\t\t\t\t<div class=\"elementor-widget-container\">\n\t\t\t\t\t<div class=\"elementor-image\">\n\t\t\t\t\t\t\t\t\t\t<img width=\"693\" height=\"541\" src=\"https:\/\/fractal-tree.com\/wp-content\/uploads\/2021\/01\/Sliding_gate_open.jpg\" class=\"attachment-large size-large\" alt=\"\" loading=\"lazy\" srcset=\"https:\/\/fractal-tree.com\/wp-content\/uploads\/2021\/01\/Sliding_gate_open.jpg 693w, https:\/\/fractal-tree.com\/wp-content\/uploads\/2021\/01\/Sliding_gate_open-300x234.jpg 300w, https:\/\/fractal-tree.com\/wp-content\/uploads\/2021\/01\/Sliding_gate_open-16x12.jpg 16w\" sizes=\"(max-width: 693px) 100vw, 693px\" \/>\t\t\t\t\t\t\t\t\t\t\t<\/div>\n\t\t\t\t<\/div>\n\t\t\t\t<\/div>\n\t\t\t\t\t\t<\/div>\n\t\t\t\t\t<\/div>\n\t\t<\/div>\n\t\t\t\t<div class=\"elementor-column elementor-col-50 elementor-top-column elementor-element elementor-element-8902cd8\" data-id=\"8902cd8\" data-element_type=\"column\">\n\t\t\t<div class=\"elementor-column-wrap elementor-element-populated\">\n\t\t\t\t\t\t\t<div class=\"elementor-widget-wrap\">\n\t\t\t\t\t\t<div class=\"elementor-element elementor-element-3c1fd14 elementor-widget elementor-widget-text-editor\" data-id=\"3c1fd14\" data-element_type=\"widget\" data-widget_type=\"text-editor.default\">\n\t\t\t\t<div class=\"elementor-widget-container\">\n\t\t\t\t\t<div class=\"elementor-text-editor elementor-clearfix\"><p>Toate parc\u0103rile pe care le oferim pot fi personalizate pentru a satisface c\u00e2t mai bine cerin\u021bele clientului. Toate produsele noastre au urm\u0103toarele calit\u0103\u021bi:<\/p><ul><li>Accesibile<\/li><li>Compacte<\/li><li>Securizate<\/li><li>Usor de administrat<\/li><li>Pot fi personalizate<\/li><\/ul><p>Parcarea din imagine are o capacitate de 10 biciclete. A fost proiectat\u0103 s\u0103 incap\u0103 \u00eentr-un loc de parcare standard pentru ma\u0219ini, iar accesul este u\u0219or pentru orice categorie de utilizatori. \u00cen versiunea standard se livreaza \u00eempreun\u0103 cu aplica\u021bia mobil\u0103.<\/p><\/div>\n\t\t\t\t<\/div>\n\t\t\t\t<\/div>\n\t\t\t\t\t\t<\/div>\n\t\t\t\t\t<\/div>\n\t\t<\/div>\n\t\t\t\t\t\t\t\t<\/div>\n\t\t\t\t\t<\/div>\n\t\t<\/section>\n\t\t\t\t<section class=\"elementor-section elementor-top-section elementor-element elementor-element-3b7e9d8 elementor-section-boxed elementor-section-height-default elementor-section-height-default\" data-id=\"3b7e9d8\" data-element_type=\"section\">\n\t\t\t\t\t\t<div class=\"elementor-container elementor-column-gap-default\">\n\t\t\t\t\t\t\t<div class=\"elementor-row\">\n\t\t\t\t\t<div class=\"elementor-column elementor-col-100 elementor-top-column elementor-element elementor-element-865277c\" data-id=\"865277c\" data-element_type=\"column\">\n\t\t\t<div class=\"elementor-column-wrap elementor-element-populated\">\n\t\t\t\t\t\t\t<div class=\"elementor-widget-wrap\">\n\t\t\t\t\t\t<div class=\"elementor-element elementor-element-682279b elementor-widget elementor-widget-text-editor\" data-id=\"682279b\" data-element_type=\"widget\" data-widget_type=\"text-editor.default\">\n\t\t\t\t<div class=\"elementor-widget-container\">\n\t\t\t\t\t<div class=\"elementor-text-editor elementor-clearfix\"><p><span style=\"font-size: 16px; font-style: normal; font-weight: 400;\">C\u00e2teva variante de personalizare pot fi g\u0103site la finalul acestei pagini. Pentru mai multe detalii sau pentru a discuta cerintele dumneavoastr\u0103 specifice ne pute\u021bi trimite un mesaj in pagina&nbsp;<\/span><a href=\"https:\/\/fractal-tree.com\/ro\/contact-us\/?customize_changeset_uuid=02fc5dcf-c84f-4200-bf6a-9f1eaeb792d0&amp;customize_autosaved=on\" style=\"font-size: 16px; font-style: normal; font-weight: 400; background-color: rgb(255, 255, 255);\">Contact<\/a><span style=\"font-size: 16px; font-style: normal; font-weight: 400;\"> sau la adresa de e-mail contact@fractal-tree.com. De asemenea, ne pute\u021bi suna la +40 720 056 409<\/span><br><\/p><\/div>\n\t\t\t\t<\/div>\n\t\t\t\t<\/div>\n\t\t\t\t\t\t<\/div>\n\t\t\t\t\t<\/div>\n\t\t<\/div>\n\t\t\t\t\t\t\t\t<\/div>\n\t\t\t\t\t<\/div>\n\t\t<\/section>\n\t\t\t\t<section class=\"elementor-section elementor-top-section elementor-element elementor-element-2fafe0f elementor-section-boxed elementor-section-height-default elementor-section-height-default\" data-id=\"2fafe0f\" data-element_type=\"section\">\n\t\t\t\t\t\t<div class=\"elementor-container elementor-column-gap-default\">\n\t\t\t\t\t\t\t<div class=\"elementor-row\">\n\t\t\t\t\t<div class=\"elementor-column elementor-col-50 elementor-top-column elementor-element elementor-element-d2f489c\" data-id=\"d2f489c\" data-element_type=\"column\">\n\t\t\t<div class=\"elementor-column-wrap elementor-element-populated\">\n\t\t\t\t\t\t\t<div class=\"elementor-widget-wrap\">\n\t\t\t\t\t\t<div class=\"elementor-element elementor-element-a55596d elementor-widget elementor-widget-text-editor\" data-id=\"a55596d\" data-element_type=\"widget\" data-widget_type=\"text-editor.default\">\n\t\t\t\t<div class=\"elementor-widget-container\">\n\t\t\t\t\t<div class=\"elementor-text-editor elementor-clearfix\"><p>Av\u00e2nd ad\u0103postul pentru biciclete, un alt aspect esen\u021bial este gestionarea accesului. \u00cen opinia noastr\u0103, cel mai sigur \u0219i u\u0219or de gestionat mod este prin intermediul telefonului mobil. Telefonul mobil este privit ca un obiect \u201epersonal\u201d, ceea ce \u00eel face mult mai pu\u021bin transferabil dec\u00e2t o cheie mecanic\u0103 sau un card electromagnetic, ca s\u0103 nu mai vorbim de securitatea superioar\u0103 a sistemului electric \u00een compara\u021bie cu un sistem de inchidere pur mecanic. De asemenea, din punctul de vedere al administratorului parc\u0103rii, accesul utilizatorilor este mult mai u\u0219or de gestionat.<br \/><br \/>\u00cen acest scop, am dezvoltat o aplica\u021bie pentru a facilita accesul utilizatorilor \u0219i gestionarea parcarilor. Aceast\u0103 aplica\u021bie are urmatoarele caracteristici esentiale:<\/p><ul><li>Ad\u0103ugarea\/Revocarea utilizatorilor de la distan\u021b\u0103<\/li><li>Accesarea istoricului acces\u0103rilor<\/li><li>Oferirea accesului pentru o singur\u0103 utilizare (de exemplu pentru vizitatori ocazionali)<\/li><li>Efectuarea pl\u0103tii prin intermediul aplica\u021biei (dac\u0103 administratorul parc\u0103rii decide s\u0103 perceap\u0103 o tax\u0103 pentru folosirea acesteia)<\/li><\/ul><\/div>\n\t\t\t\t<\/div>\n\t\t\t\t<\/div>\n\t\t\t\t\t\t<\/div>\n\t\t\t\t\t<\/div>\n\t\t<\/div>\n\t\t\t\t<div class=\"elementor-column elementor-col-50 elementor-top-column elementor-element elementor-element-131c2fd\" data-id=\"131c2fd\" data-element_type=\"column\">\n\t\t\t<div class=\"elementor-column-wrap elementor-element-populated\">\n\t\t\t\t\t\t\t<div class=\"elementor-widget-wrap\">\n\t\t\t\t\t\t<div class=\"elementor-element elementor-element-1bfaac0 elementor-widget elementor-widget-image\" data-id=\"1bfaac0\" data-element_type=\"widget\" data-widget_type=\"image.default\">\n\t\t\t\t<div class=\"elementor-widget-container\">\n\t\t\t\t\t<div class=\"elementor-image\">\n\t\t\t\t\t\t\t\t\t\t<img width=\"463\" height=\"453\" src=\"https:\/\/fractal-tree.com\/wp-content\/uploads\/2021\/02\/App_Diagram.jpg\" class=\"attachment-large size-large\" alt=\"\" loading=\"lazy\" srcset=\"https:\/\/fractal-tree.com\/wp-content\/uploads\/2021\/02\/App_Diagram.jpg 463w, https:\/\/fractal-tree.com\/wp-content\/uploads\/2021\/02\/App_Diagram-300x294.jpg 300w, https:\/\/fractal-tree.com\/wp-content\/uploads\/2021\/02\/App_Diagram-12x12.jpg 12w\" sizes=\"(max-width: 463px) 100vw, 463px\" \/>\t\t\t\t\t\t\t\t\t\t\t<\/div>\n\t\t\t\t<\/div>\n\t\t\t\t<\/div>\n\t\t\t\t\t\t<\/div>\n\t\t\t\t\t<\/div>\n\t\t<\/div>\n\t\t\t\t\t\t\t\t<\/div>\n\t\t\t\t\t<\/div>\n\t\t<\/section>\n\t\t\t\t<section class=\"elementor-section elementor-top-section elementor-element elementor-element-a25236a elementor-section-boxed elementor-section-height-default elementor-section-height-default\" data-id=\"a25236a\" data-element_type=\"section\">\n\t\t\t\t\t\t<div class=\"elementor-container elementor-column-gap-default\">\n\t\t\t\t\t\t\t<div class=\"elementor-row\">\n\t\t\t\t\t<div class=\"elementor-column elementor-col-50 elementor-top-column elementor-element elementor-element-ca929af\" data-id=\"ca929af\" data-element_type=\"column\">\n\t\t\t<div class=\"elementor-column-wrap elementor-element-populated\">\n\t\t\t\t\t\t\t<div class=\"elementor-widget-wrap\">\n\t\t\t\t\t\t<div class=\"elementor-element elementor-element-5800062 elementor-widget elementor-widget-heading\" data-id=\"5800062\" data-element_type=\"widget\" data-widget_type=\"heading.default\">\n\t\t\t\t<div class=\"elementor-widget-container\">\n\t\t\t<h3 class=\"elementor-heading-title elementor-size-default\">Specifica\u021bii Tehnice - Ad\u0103post Standard<\/h3>\t\t<\/div>\n\t\t\t\t<\/div>\n\t\t\t\t<div class=\"elementor-element elementor-element-db301be elementor-widget elementor-widget-text-editor\" data-id=\"db301be\" data-element_type=\"widget\" data-widget_type=\"text-editor.default\">\n\t\t\t\t<div class=\"elementor-widget-container\">\n\t\t\t\t\t<div class=\"elementor-text-editor elementor-clearfix\"><ul><li>Dimensiuni (L x W x H, mm): 5000 x 2000 x 2350<\/li><li>Capacitate: 10 biciclete (poate fi extins\u0103 p\u00e2n\u0103 la 20 de biciclete prin folosirea unui sistem de rasteluri etajate)<\/li><li>Construc\u021bie: \u021beava rectangulara de o\u021bel, panou de s\u00e2rm\u0103 de o\u021bel, tabl\u0103 cutat\u0103, profile acoperi\u0219<\/li><li>Sursa de energie: Necesit\u0103 conexiune la re\u021beaua electric\u0103 (op\u021biunea panourilor solare este de asemenea disponibil\u0103) - detaliile vor fi stabilite \u00een func\u021bie de specificul loca\u021biei<\/li><\/ul><\/div>\n\t\t\t\t<\/div>\n\t\t\t\t<\/div>\n\t\t\t\t\t\t<\/div>\n\t\t\t\t\t<\/div>\n\t\t<\/div>\n\t\t\t\t<div class=\"elementor-column elementor-col-50 elementor-top-column elementor-element elementor-element-e0409b1\" data-id=\"e0409b1\" data-element_type=\"column\">\n\t\t\t<div class=\"elementor-column-wrap elementor-element-populated\">\n\t\t\t\t\t\t\t<div class=\"elementor-widget-wrap\">\n\t\t\t\t\t\t<div class=\"elementor-element elementor-element-ad253ac elementor-widget elementor-widget-heading\" data-id=\"ad253ac\" data-element_type=\"widget\" data-widget_type=\"heading.default\">\n\t\t\t\t<div class=\"elementor-widget-container\">\n\t\t\t<h3 class=\"elementor-heading-title elementor-size-default\">Alte op\u021biuni<\/h3>\t\t<\/div>\n\t\t\t\t<\/div>\n\t\t\t\t<div class=\"elementor-element elementor-element-974e0d5 elementor-widget elementor-widget-text-editor\" data-id=\"974e0d5\" data-element_type=\"widget\" data-widget_type=\"text-editor.default\">\n\t\t\t\t<div class=\"elementor-widget-container\">\n\t\t\t\t\t<div class=\"elementor-text-editor elementor-clearfix\"><ul>\n<li>Dimensiunea, forma si capacitatea pot fi ajustate \u00een func\u021bie de preferin\u021bele clientului<\/li>\n<li>Panourile de s\u00e2rm\u0103 pot fi \u00eenlocuite cu panouri de policarbonat sau cu panouri de tabl\u0103 perforat\u0103<\/li><li>Camere de supraveghere<\/li>\n<li>Iluminat cu senzor<\/li><li>Sistem de alarm\u0103<\/li>\n<li>U\u0219ile culisante pot fi \u00eenlocuite cu u\u0219i batante (sau un mix de u\u0219i batante \u0219i glisante pentru parcarile mai mari)<\/li>\n<\/ul><\/div>\n\t\t\t\t<\/div>\n\t\t\t\t<\/div>\n\t\t\t\t\t\t<\/div>\n\t\t\t\t\t<\/div>\n\t\t<\/div>\n\t\t\t\t\t\t\t\t<\/div>\n\t\t\t\t\t<\/div>\n\t\t<\/section>\n\t\t\t\t\t\t<\/div>\n\t\t\t\t\t\t<\/div>\n\t\t\t\t\t<\/div>","protected":false},"excerpt":{"rendered":"<p>Projects Bikey &#8211; Smart &amp; Secured Bike Parking In recent years, urban cycling has become increasingly popular and also more feasible, due to the development of urban mobility infrastructure (dedicated bicycle lanes). This trend has gained traction in major cities and there is every chance that it will continue to accelerate in the coming years. &hellip;<\/p>\n<p class=\"read-more\"> <a class=\"\" href=\"https:\/\/fractal-tree.com\/ro\/projects\/\"> <span class=\"screen-reader-text\">Proiecte<\/span> Read More &raquo;<\/a><\/p>","protected":false},"author":3,"featured_media":0,"parent":0,"menu_order":0,"comment_status":"closed","ping_status":"closed","template":"","meta":[],"_links":{"self":[{"href":"https:\/\/fractal-tree.com\/ro\/wp-json\/wp\/v2\/pages\/74"}],"collection":[{"href":"https:\/\/fractal-tree.com\/ro\/wp-json\/wp\/v2\/pages"}],"about":[{"href":"https:\/\/fractal-tree.com\/ro\/wp-json\/wp\/v2\/types\/page"}],"author":[{"embeddable":true,"href":"https:\/\/fractal-tree.com\/ro\/wp-json\/wp\/v2\/users\/3"}],"replies":[{"embeddable":true,"href":"https:\/\/fractal-tree.com\/ro\/wp-json\/wp\/v2\/comments?post=74"}],"version-history":[{"count":53,"href":"https:\/\/fractal-tree.com\/ro\/wp-json\/wp\/v2\/pages\/74\/revisions"}],"predecessor-version":[{"id":1982,"href":"https:\/\/fractal-tree.com\/ro\/wp-json\/wp\/v2\/pages\/74\/revisions\/1982"}],"wp:attachment":[{"href":"https:\/\/fractal-tree.com\/ro\/wp-json\/wp\/v2\/media?parent=74"}],"curies":[{"name":"wp","href":"https:\/\/api.w.org\/{rel}","templated":true}]}}